{"id":3,"date":"2025-10-25T17:03:43","date_gmt":"2025-10-25T14:03:43","guid":{"rendered":"https:\/\/gamedev.ist\/deep-jam\/?page_id=3"},"modified":"2025-10-26T12:40:20","modified_gmt":"2025-10-26T09:40:20","slug":"aydinlatma-metni","status":"publish","type":"page","link":"https:\/\/gamedev.ist\/deep-jam\/aydinlatma-metni\/","title":{"rendered":"Ayd\u0131nlatma Metni"},"content":{"rendered":"\t\t<div data-elementor-type=\"wp-page\" data-elementor-id=\"3\" class=\"elementor elementor-3\">\n\t\t\t\t<div class=\"elementor-element elementor-element-3dea2391 e-flex e-con-boxed e-con e-parent\" data-id=\"3dea2391\" data-element_type=\"container\">\n\t\t\t\t\t<div class=\"e-con-inner\">\n\t\t\t\t<div class=\"elementor-element elementor-element-206bfda elementor-widget elementor-widget-text-editor\" data-id=\"206bfda\" data-element_type=\"widget\" data-widget_type=\"text-editor.default\">\n\t\t\t\t\t\t\t\t\t\n<p><strong>G\u0130R\u0130\u015e<\/strong><\/p>\n<p>\u0130\u015fbu Ziyaret\u00e7iler \u0130\u00e7in Ayd\u0131nlatma Metni\u00a0<strong>(\u201cAyd\u0131nlatma Metni\u201d)<\/strong>; \u00c7ifte Havuzlar Mah. Eski Londra Asfalt\u0131 Cad. Kulu\u00e7ka Mrk. A1 Blok No: 151\/1c \u0130\u00e7 Kap\u0131 No: B34 Esenler\/\u0130stanbul adresinde kain, 3881802910 VKN ile faaliyet g\u00f6steren Gamedev Oyun Yaz\u0131l\u0131m Ve Dan\u0131\u015fmanl\u0131k Anonim \u015eirketi\u00a0<strong>(\u201cGameDev\u201d)<\/strong>\u00a0olarak ziyaret\u00e7ilerimizin ki\u015fisel verilerinin T\u00fcrkiye Cumhuriyeti Anayasas\u0131 ve insan haklar\u0131na ili\u015fkin \u00fclkemizin taraf\u0131 oldu\u011fu uluslararas\u0131 s\u00f6zle\u015fmeler ile 6698 say\u0131l\u0131 Ki\u015fisel Verilerin Korunmas\u0131 Kanunu\u00a0<strong>(\u201cKVKK\u201d)<\/strong>\u00a0ba\u015fta olmak \u00fczere ilgili mevzuata uygun olarak i\u015flenmesinin ve verisi i\u015flenen ilgili ki\u015filerin haklar\u0131n\u0131 etkin \u015fekilde kullanabilmelerinin sa\u011flanmas\u0131 amac\u0131yla haz\u0131rlanm\u0131\u015ft\u0131r. GameDev ile payla\u015f\u0131lm\u0131\u015f olan t\u00fcm ki\u015fisel veriler hukuka uygun bir \u015fekilde, faaliyet ve hizmet ama\u00e7lar\u0131m\u0131z ile ba\u011flant\u0131l\u0131 ve \u00f6l\u00e7\u00fcl\u00fc olarak i\u015flenecektir.<\/p>\n<p><strong>1) Tan\u0131mlar<\/strong><\/p>\n<p>\u0130\u015fbu Ayd\u0131nlatma Metni\u2019nde kullan\u0131lan ki\u015fisel veri, \u00f6zel nitelikli ki\u015fisel veri ve veri i\u015fleme kavramlar\u0131 KVKK\u2019nda yap\u0131lan tan\u0131mlara istinaden kullan\u0131lm\u0131\u015ft\u0131r. KVKK\u2019nda \u00f6ng\u00f6r\u00fclen \u201cki\u015fisel veri\u201d kavram\u0131 kimli\u011fi belirli veya belirlenebilir ger\u00e7ek ki\u015fiye ili\u015fkin her t\u00fcrl\u00fc bilgiyi; \u201cki\u015fisel verilerin i\u015flenmesi\u201d kavram\u0131 ise, ki\u015fisel verilerin tamamen veya k\u0131smen otomatik olan ya da herhangi bir veri kay\u0131t sisteminin par\u00e7as\u0131 olmak kayd\u0131yla otomatik olmayan yollarla elde edilmesi, kaydedilmesi, depolanmas\u0131, muhafaza edilmesi, de\u011fi\u015ftirilmesi, yeniden d\u00fczenlenmesi, a\u00e7\u0131klanmas\u0131, aktar\u0131lmas\u0131, devral\u0131nmas\u0131, elde edilebilir h\u00e2le getirilmesi, s\u0131n\u0131fland\u0131r\u0131lmas\u0131 ya da kullan\u0131lmas\u0131n\u0131n engellenmesi gibi veriler \u00fczerinde ger\u00e7ekle\u015ftirilen her t\u00fcrl\u00fc i\u015flemi ifade eder.<\/p>\n<p><strong>2) Ki\u015fisel Verilerin \u0130\u015flenmesi \u0130lkeleri<\/strong><\/p>\n<p>KVKK madde 4 uyar\u0131nca veri sahibine ait ki\u015fisel veriler; hukuka ve d\u00fcr\u00fcstl\u00fck kurallar\u0131na uygun, do\u011fru ve gerekti\u011finde g\u00fcncel, belirli, a\u00e7\u0131k ve me\u015fru ama\u00e7lar i\u00e7in, i\u015flendikleri ama\u00e7la ba\u011flant\u0131l\u0131, s\u0131n\u0131rl\u0131 ve \u00f6l\u00e7\u00fcl\u00fc, ilgili mevzuatta \u00f6ng\u00f6r\u00fclen veya i\u015flendikleri ama\u00e7 i\u00e7in gerekli olan s\u00fcre kadar muhafaza edilme kurallar\u0131na uygun \u015fekilde, veri sorumlusu GameDev taraf\u0131ndan a\u015fa\u011f\u0131da belirtilen ama\u00e7lar kapsam\u0131nda i\u015flenecektir.<\/p>\n<p><strong>3) \u0130\u015flenen Ki\u015fisel Veriler<\/strong><\/p>\n<p>GameDev, taraf\u0131n\u0131za ait\u00a0<strong>\u0130\u015flem G\u00fcvenli\u011fi Bilgileri<\/strong>\u00a0(IP Adresi, Di\u011fer Trafik Verileri) a\u015fa\u011f\u0131da belirtilen ama\u00e7lar do\u011frultusunda, ilgili ki\u015finin a\u00e7\u0131k r\u0131zas\u0131 veya hukuka uygunluk nedenlerinin herhangi birini kar\u015f\u0131lamas\u0131 halinde i\u015flenmektedir.<\/p>\n<p><strong>4) Ki\u015fisel Verilerin \u0130\u015flenmesi Ama\u00e7lar\u0131<\/strong><\/p>\n<p>GameDev, ki\u015fisel verilerinizi a\u015fa\u011f\u0131da say\u0131lan ama\u00e7lar kapsam\u0131nda i\u015flemektedir:<\/p>\n<ul>\n<li>Bilgi g\u00fcvenli\u011fi s\u00fcre\u00e7lerinin y\u00fcr\u00fct\u00fclmesi,<\/li>\n<li>Denetim\/etik faaliyetlerinin y\u00fcr\u00fct\u00fclmesi,<\/li>\n<li>Faaliyetlerin mevzuata uygun y\u00fcr\u00fct\u00fclmesi,<\/li>\n<li>Saklama ve ar\u015fiv faaliyetlerinin y\u00fcr\u00fct\u00fclmesi,<\/li>\n<li>Veri sorumlusu operasyonlar\u0131n\u0131n g\u00fcvenli\u011finin temini,<\/li>\n<li>Yetkili ki\u015fi, kurum ve kurulu\u015flara bilgi verilmesi,<\/li>\n<li>Ziyaret\u00e7i kay\u0131tlar\u0131n\u0131n olu\u015fturulmas\u0131 ve takibi ama\u00e7lar\u0131yla, KVKK madde 5 ve madde 6\u2019da belirtilen ki\u015fisel veri i\u015fleme \u015fartlar\u0131na uygun olarak i\u015flenecektir. Ki\u015fisel veri i\u015fleme ama\u00e7lar\u0131nda de\u011fi\u015fiklik olmas\u0131 halinde GameDev her zaman i\u015fbu Ayd\u0131nlatma Metni\u2019nde de\u011fi\u015fiklik yapma hakk\u0131n\u0131 sakl\u0131 tutar.<\/li>\n<\/ul>\n<p><strong>5) Ki\u015fisel Verilerinizin Aktar\u0131lmas\u0131<\/strong><\/p>\n<p>GameDev, ki\u015fisel verilerin aktar\u0131lmas\u0131 konusunda, KVKK\u2019nda \u00f6ng\u00f6r\u00fclen d\u00fczenlemelere uygun \u015fekilde hareket etmektedir. Mevzuatta veya a\u015fa\u011f\u0131da yer alan istisnai haller sakl\u0131 kalmak kayd\u0131yla, ki\u015fisel verileriniz Veri Sahibi\u2019nin a\u00e7\u0131k r\u0131zas\u0131 olmadan, taraf\u0131m\u0131zca di\u011fer ger\u00e7ek veya t\u00fczel ki\u015filere aktar\u0131lmamaktad\u0131r. KVKK ve sair mevzuat\u0131n \u00f6ng\u00f6rd\u00fc\u011f\u00fc istisnai hallerde ise ki\u015fisel verilerin yetkili k\u0131l\u0131nan idari veya adli kurum veya \u00f6zel kurulu\u015flara aktar\u0131lmas\u0131 esnas\u0131nda mevzuatta \u00f6ng\u00f6r\u00fclen \u015fekil ve s\u0131n\u0131rlamalara uygun davran\u0131lmas\u0131na azami \u00f6zen g\u00f6sterilmektedir.<\/p>\n<p>Ki\u015fisel verileriniz;<\/p>\n<ul>\n<li>Kanuni y\u00fck\u00fcml\u00fcl\u00fc\u011f\u00fcn yerine getirilmesi amac\u0131yla yetkili resmi kurum ve kurulu\u015flar ile kanunen yetkilendirilmi\u015f \u00f6zel ki\u015filere;<\/li>\n<li>Yarg\u0131sal s\u00fcre\u00e7lerin y\u00fcr\u00fct\u00fclebilmesi veya takibinin sa\u011flanmas\u0131 amac\u0131yla avukatlar da d\u00e2hil ilgili yarg\u0131 makamlar\u0131na; ilgili mevzuatta \u00f6ng\u00f6r\u00fclen usul ve esaslar \u00e7er\u00e7evesinde ve KVKK madde 8 ve madde 9\u2019da belirtilen ki\u015fisel veri aktarma \u015fartlar\u0131 ve ama\u00e7lar\u0131na uygun olarak aktar\u0131labilecektir.<\/li>\n<\/ul>\n<p><strong>6) Ki\u015fisel Verilerin\/\u00d6zel Nitelikli Ki\u015fisel Verilerin Toplanma Y\u00f6ntemi ve Hukuki Sebebi<\/strong><\/p>\n<p>Ki\u015fisel verileriniz; \u00e7evrimi\u00e7i web sitesi, web sitemiz taraf\u0131ndan yarat\u0131lan \u00e7erezler\/cookiler, \u00fc\u00e7\u00fcnc\u00fc ki\u015filerce yarat\u0131lan takip \u00e7erezleri\/tracking cookieler, site kullan\u0131m\u0131 \u00f6l\u00e7\u00fcm sistemleri vas\u0131tas\u0131yla otomatik y\u00f6ntemlerle elde edilebilmektedir.<\/p>\n<p>S\u00f6z konusu ki\u015fisel verilerinizin GameDev taraf\u0131ndan i\u015flenmesindeki hukuki sebepler; KVKK madde 5\/2\/c, 5\/2\/\u00e7, 5\/2\/d, 5\/2\/e ve 5\/2\/f\u2019de belirtilen a\u00e7\u0131k r\u0131zan\u0131n istisnas\u0131 olan hallerdir. Ki\u015fisel verileriniz i\u015fbu Ayd\u0131nlatma Metni madde 4 ve madde 5\u2019de belirtilen ama\u00e7larla GameDev taraf\u0131ndan toplanmaktad\u0131r.<\/p>\n<p><strong>7) Veri Sahibinin Haklar\u0131<\/strong><\/p>\n<p>Veri sahibi, veri sorumlusu olarak hareket eden GameDev\u2019e ba\u015fvurarak kendisiyle ilgili; ki\u015fisel verisinin i\u015flenip i\u015flenmedi\u011fini \u00f6\u011frenme, ki\u015fisel verisinin i\u015flenmi\u015fse buna ili\u015fkin bilgi talep etme; ki\u015fisel verilerinin i\u015flenme amac\u0131n\u0131 ve bunlar\u0131n amac\u0131na uygun kullan\u0131l\u0131p kullan\u0131lmad\u0131\u011f\u0131n\u0131 \u00f6\u011frenme; yurt i\u00e7inde veya yurt d\u0131\u015f\u0131nda ki\u015fisel verilerinin aktar\u0131ld\u0131\u011f\u0131 \u00fc\u00e7\u00fcnc\u00fc ki\u015filer hakk\u0131nda bilgilendirilme; ki\u015fisel verilerinin eksik veya yanl\u0131\u015f i\u015flenmi\u015f olmas\u0131 h\u00e2linde bunlar\u0131n d\u00fczeltilmesini talep etme; KVKK madde 7\u2019de belirtilen \u015fartlar \u00e7er\u00e7evesinde ki\u015fisel verilerinin silinmesini veya yok edilmesini talep etme; KVKK madde 11\/d ve madde 11\/e uyar\u0131nca yap\u0131lan i\u015flemlerin, ki\u015fisel verilerinin aktar\u0131ld\u0131\u011f\u0131 \u00fc\u00e7\u00fcnc\u00fc ki\u015filere bildirilmesini isteme; i\u015flenen verilerin m\u00fcnhas\u0131ran otomatik sistemler vas\u0131tas\u0131yla analiz edilmesi suretiyle ki\u015finin kendisi aleyhine bir sonucun ortaya \u00e7\u0131kmas\u0131na itiraz etme; ki\u015fisel verilerin kanuna ayk\u0131r\u0131 olarak i\u015flenmesi sebebiyle zarara u\u011framas\u0131 h\u00e2linde zarar\u0131n giderilmesini talep etme haklar\u0131na sahiptir.<\/p>\n<p>Veri Sorumlusuna Ba\u015fvuru Usul ve Esaslar\u0131 Hakk\u0131nda Tebli\u011f uyar\u0131nca taraf\u0131n\u0131zca yap\u0131lacak ba\u015fvurularda ad, soyad, ba\u015fvuru yaz\u0131l\u0131 ise imza, elektronik ise e-imza veya mobil imza, TCKN, tebligata esas yerle\u015fim yeri veya i\u015fyeri adresi, varsa bildirime esas elektronik posta adresi, telefon numaras\u0131 ve talep konusuna dair bilgilerin bulunmas\u0131 zorunludur. \u0130lgili ki\u015fi, yukar\u0131da belirtilen haklar\u0131n kullan\u0131lmas\u0131 ad\u0131na ilgili hakka ili\u015fkin a\u00e7\u0131klamay\u0131 i\u00e7eren ba\u015fvuruda talep edilen hususu a\u00e7\u0131k ve anla\u015f\u0131l\u0131r \u015fekilde belirtmekle, ilgili bilgi ve belgeleri ba\u015fvuruya eklemekle y\u00fck\u00fcml\u00fcd\u00fcr.<\/p>\n<p><strong>Bahsi ge\u00e7en ba\u015fvurular;<\/strong><\/p>\n<ul>\n<li>GameDev\u2019in \u201c\u00c7ifte Havuzlar Mah. Eski Londra Asfalt\u0131 Cad. Kulu\u00e7ka Mrk. A1 Blok No: 151\/1c \u0130\u00e7 Kap\u0131 No: B34 Esenler\/\u0130stanbul\u201d adresine bizzat, elden, yaz\u0131l\u0131 olarak,<\/li>\n<li>Noterlikler marifetiyle GameDev\u2019in \u201c\u00c7ifte Havuzlar Mah. Eski Londra Asfalt\u0131 Cad. Kulu\u00e7ka Mrk. A1 Blok No: 151\/1c \u0130\u00e7 Kap\u0131 No: B34 Esenler\/\u0130stanbul\u201d adresine talep g\u00f6ndermek suretiyle,<\/li>\n<li>GameDev\u2019de daha \u00f6nce bildirilen ve GameDev\u2019in sisteminde kay\u0131tl\u0131 bulunan e-posta marifetiyle\u00a0<a href=\"mailto:info@gamedev.ist\">info@gamedev.ist<\/a>\u00a0e-posta adresine yap\u0131labilir.<\/li>\n<\/ul>\t\t\t\t\t\t\t\t<\/div>\n\t\t\t\t\t<\/div>\n\t\t\t\t<\/div>\n\t\t<div class=\"elementor-element elementor-element-859632d e-flex e-con-boxed e-con e-parent\" data-id=\"859632d\" data-element_type=\"container\">\n\t\t\t\t\t<div class=\"e-con-inner\">\n\t\t\t\t\t<\/div>\n\t\t\t\t<\/div>\n\t\t\t\t<\/div>\n\t\t","protected":false},"excerpt":{"rendered":"<p>G\u0130R\u0130\u015e \u0130\u015fbu Ziyaret\u00e7iler \u0130\u00e7in Ayd\u0131nlatma Metni\u00a0(\u201cAyd\u0131nlatma Metni\u201d); \u00c7ifte Havuzlar Mah. Eski Londra Asfalt\u0131 Cad. Kulu\u00e7ka Mrk. A1 Blok No: 151\/1c \u0130\u00e7 Kap\u0131 No: B34 Esenler\/\u0130stanbul adresinde kain, 3881802910 VKN ile faaliyet g\u00f6steren Gamedev Oyun Yaz\u0131l\u0131m Ve Dan\u0131\u015fmanl\u0131k Anonim \u015eirketi\u00a0(\u201cGameDev\u201d)\u00a0olarak ziyaret\u00e7ilerimizin&#8230;<\/p>\n","protected":false},"author":1,"featured_media":0,"parent":0,"menu_order":0,"comment_status":"closed","ping_status":"closed","template":"","meta":{"footnotes":""},"class_list":["post-3","page","type-page","status-publish","hentry"],"_links":{"self":[{"href":"https:\/\/gamedev.ist\/deep-jam\/wp-json\/wp\/v2\/pages\/3","targetHints":{"allow":["GET"]}}],"collection":[{"href":"https:\/\/gamedev.ist\/deep-jam\/wp-json\/wp\/v2\/pages"}],"about":[{"href":"https:\/\/gamedev.ist\/deep-jam\/wp-json\/wp\/v2\/types\/page"}],"author":[{"embeddable":true,"href":"https:\/\/gamedev.ist\/deep-jam\/wp-json\/wp\/v2\/users\/1"}],"replies":[{"embeddable":true,"href":"https:\/\/gamedev.ist\/deep-jam\/wp-json\/wp\/v2\/comments?post=3"}],"version-history":[{"count":12,"href":"https:\/\/gamedev.ist\/deep-jam\/wp-json\/wp\/v2\/pages\/3\/revisions"}],"predecessor-version":[{"id":14531,"href":"https:\/\/gamedev.ist\/deep-jam\/wp-json\/wp\/v2\/pages\/3\/revisions\/14531"}],"wp:attachment":[{"href":"https:\/\/gamedev.ist\/deep-jam\/wp-json\/wp\/v2\/media?parent=3"}],"curies":[{"name":"wp","href":"https:\/\/api.w.org\/{rel}","templated":true}]}}