{"id":2,"date":"2025-10-25T17:03:43","date_gmt":"2025-10-25T14:03:43","guid":{"rendered":"https:\/\/gamedev.ist\/deep-jam\/?page_id=2"},"modified":"2025-10-26T12:40:31","modified_gmt":"2025-10-26T09:40:31","slug":"cerez-politikasi","status":"publish","type":"page","link":"https:\/\/gamedev.ist\/deep-jam\/cerez-politikasi\/","title":{"rendered":"\u00c7erez Politikas\u0131"},"content":{"rendered":"\t\t<div data-elementor-type=\"wp-page\" data-elementor-id=\"2\" class=\"elementor elementor-2\">\n\t\t\t\t<div class=\"elementor-element elementor-element-aa2176d e-flex e-con-boxed e-con e-parent\" data-id=\"aa2176d\" data-element_type=\"container\">\n\t\t\t\t\t<div class=\"e-con-inner\">\n\t\t\t\t<div class=\"elementor-element elementor-element-37119a85 elementor-widget elementor-widget-text-editor\" data-id=\"37119a85\" data-element_type=\"widget\" data-widget_type=\"text-editor.default\">\n\t\t\t\t\t\t\t\t\t\n<p><strong>G\u0130R\u0130\u015e<\/strong><\/p>\n<p>\u0130\u015fbu GameDev \u00c7erez Politikas\u0131\u00a0<strong>(\u201c\u00c7erez Politikas\u0131\u201d)<\/strong>; \u00c7ifte Havuzlar Mah. Eski Londra Asfalt\u0131 Cad. Kulu\u00e7ka Mrk. A1 Blok No: 151\/1c \u0130\u00e7 Kap\u0131 No: B34 Esenler \/\u0130stanbul adresinde kain, 3881802910 VKN ile faaliyet g\u00f6steren Gamedev Oyun Yaz\u0131l\u0131m Ve Dan\u0131\u015fmanl\u0131k Anonim \u015eirketi\u2019ne\u00a0<strong>(\u201cGameDev\u201d)<\/strong>\u00a0ait gamedev.ist alan ad\u0131 ve bu alan ad\u0131na ba\u011fl\u0131 alt alan adlar\u0131ndan olu\u015fan internet sitesi\u00a0<strong>(\u201c\u0130nternet Sitesi\u201d)<\/strong>\u00a0ziyaret\u00e7ilerinin \u00e7erezler yoluyla i\u015flenen ki\u015fisel verilerinin T\u00fcrkiye Cumhuriyeti Anayasas\u0131 ve insan haklar\u0131na ili\u015fkin \u00fclkemizin taraf\u0131 oldu\u011fu uluslararas\u0131 s\u00f6zle\u015fmeler ile 6698 say\u0131l\u0131 Ki\u015fisel Verilerin Korunmas\u0131 Kanunu (\u201c<strong>KVKK<\/strong>\u201d) ba\u015fta olmak \u00fczere ilgili mevzuata uygun olarak i\u015flenmesinin ve verisi i\u015flenen ilgili ki\u015filerin haklar\u0131n\u0131 etkin \u015fekilde kullanabilmelerinin sa\u011flanmas\u0131 amac\u0131yla haz\u0131rlanm\u0131\u015ft\u0131r. GameDev ile payla\u015f\u0131lm\u0131\u015f olan t\u00fcm ki\u015fisel veriler hukuka uygun \u015fekilde, GameDev faaliyet ve hizmet ama\u00e7lar\u0131 ile ba\u011flant\u0131l\u0131 ve \u00f6l\u00e7\u00fcl\u00fc olarak i\u015flenecektir.<\/p>\n<p><strong>1. Tan\u0131mlar<\/strong><\/p>\n<p>\u0130\u015fbu \u00c7erez Politikas\u0131\u2019nda kullan\u0131lan ki\u015fisel veri, \u00f6zel nitelikli ki\u015fisel veri ve veri i\u015fleme kavramlar\u0131 KVKK\u2019nda yap\u0131lan tan\u0131mlara istinaden kullan\u0131lm\u0131\u015ft\u0131r. KVKK\u2019nda \u00f6ng\u00f6r\u00fclen\u00a0<strong>\u201cki\u015fisel veri\u201d<\/strong>\u00a0kavram\u0131 kimli\u011fi belirli veya belirlenebilir ger\u00e7ek ki\u015fiye ili\u015fkin her t\u00fcrl\u00fc bilgiyi;\u00a0<strong>\u201cki\u015fisel verilerin i\u015flenmesi\u201d<\/strong>\u00a0kavram\u0131 ise, ki\u015fisel verilerin tamamen veya k\u0131smen otomatik olan ya da herhangi bir veri kay\u0131t sisteminin par\u00e7as\u0131 olmak kayd\u0131yla otomatik olmayan yollarla elde edilmesi, kaydedilmesi, depolanmas\u0131, muhafaza edilmesi, de\u011fi\u015ftirilmesi, yeniden d\u00fczenlenmesi, a\u00e7\u0131klanmas\u0131, aktar\u0131lmas\u0131, devral\u0131nmas\u0131, elde edilebilir h\u00e2le getirilmesi, s\u0131n\u0131fland\u0131r\u0131lmas\u0131 ya da kullan\u0131lmas\u0131n\u0131n engellenmesi gibi veriler \u00fczerinde ger\u00e7ekle\u015ftirilen her t\u00fcrl\u00fc i\u015flemi ifade eder.<\/p>\n<p><strong>2. Ki\u015fisel Verilerin \u0130\u015flenmesi \u0130lkeleri<\/strong><\/p>\n<p>KVKK madde 4 uyar\u0131nca veri sahibine ait ki\u015fisel veriler; hukuka ve d\u00fcr\u00fcstl\u00fck kurallar\u0131na uygun, do\u011fru ve gerekti\u011finde g\u00fcncel, belirli, a\u00e7\u0131k ve me\u015fru ama\u00e7lar i\u00e7in, i\u015flendikleri ama\u00e7la ba\u011flant\u0131l\u0131, s\u0131n\u0131rl\u0131 ve \u00f6l\u00e7\u00fcl\u00fc, ilgili mevzuatta \u00f6ng\u00f6r\u00fclen veya i\u015flendikleri ama\u00e7 i\u00e7in gerekli olan s\u00fcre kadar muhafaza edilme kurallar\u0131na uygun \u015fekilde, veri sorumlusu GameDev taraf\u0131ndan a\u015fa\u011f\u0131da belirtilen ama\u00e7lar kapsam\u0131nda i\u015flenecektir.<\/p>\n<p><strong>3. \u00c7erez Nedir?<\/strong><\/p>\n<p>\u00c7erez, \u0130nternet Sitesi\u2019ndeki ziyaret\u00e7i aktiviteleri hakk\u0131nda bilgiye eri\u015fme, analiz yapma ve \u0130nternet Sitesi\u2019nin uyumlu \u00e7al\u0131\u015fmas\u0131 ad\u0131na veri toplama amac\u0131yla kullan\u0131labilecek k\u00fc\u00e7\u00fck metin dosyas\u0131d\u0131r. \u00d6nemle belirtmek gerekir ki \u00e7erezler, ziyaret\u00e7i cihazlar\u0131nda depolanm\u0131\u015f dosyalara dair bilgi toplamazlar. Halihaz\u0131rda ziyaret\u00e7inin \u00e7erezleri kabul etmesi halinde ziyaret\u00e7i cihaz\u0131na yerle\u015ftirilen \u00e7erezler marifetiyle veya ziyaret\u00e7inin daha \u00f6nce \u0130nternet Sitesi\u2019ni ziyaret etmesi ve bu \u00e7erezlere onay vermesi halinde i\u015fbu \u00c7erez Politikas\u0131\u2019na konu \u00e7erezler kullan\u0131labilir. \u0130nternet Sitesi\u2019ni kullanmak i\u00e7in \u00e7erez kullan\u0131m\u0131 zorunlu olmamakla birlikte ziyaret\u00e7i, taray\u0131c\u0131 vas\u0131tas\u0131yla \u00e7erezleri engelleyebilir ve\/veya ki\u015fiselle\u015ftirebilir. Ancak \u00e7erezlerin engellenmesi halinde \u0130nternet Sitesi\u2019nin birtak\u0131m \u00f6zelliklerinden ziyaret\u00e7i yararlanamayacakt\u0131r. Yine taray\u0131c\u0131 ayarlar\u0131na ba\u011fl\u0131 olarak i\u015fbu \u00e7erezler otomatik olarak silinmeyebilir; nitekim \u00c7erez Politikas\u0131\u2019nda detayland\u0131r\u0131ld\u0131\u011f\u0131 \u00fczere \u00e7erezlerin nerede sakland\u0131\u011f\u0131 ve nas\u0131l silinebilece\u011fini belirlemek ad\u0131na ziyaret\u00e7inin taray\u0131c\u0131 ayarlar\u0131n\u0131 kontrol etmesi b\u00fcy\u00fck \u00f6neme sahiptir.<\/p>\n<p>Bunlarla s\u0131n\u0131rl\u0131 olmamak \u00fczere \u00e7erezlere benzer ama\u00e7larla kullan\u0131lan birtak\u0131m teknolojiler de \u0130nternet Sitesi\u2019nde bulunmaktad\u0131r. Bunlar: bir web sitesine yerle\u015ftirilen ve bir sayfan\u0131n g\u00f6r\u00fcnt\u00fclendi\u011fini g\u00f6steren \u015feffaf grafiksel imgelerden olan piksel etiketleri; IDFA, advertising ID gibi enstr\u00fcmanlar arac\u0131l\u0131\u011f\u0131yla bir mobil cihaz\u0131n kullan\u0131m\u0131na ili\u015fkin bilgilerin \u00fc\u00e7\u00fcnc\u00fc ki\u015fi ortamlar\u0131nda depolanmas\u0131na yarayan mobil cihaz tan\u0131mlay\u0131c\u0131lar\u0131; \u0130nternet Sitesi veya mobil cihazlar\u0131n kodlara \u00e7e\u015fitli y\u00f6ntemlerle eklenen baz\u0131 haz\u0131r kodlar arac\u0131l\u0131\u011f\u0131yla \u00e7al\u0131\u015fan ve bu kodlar sayesinde kullan\u0131c\u0131lar\u0131n \u0130nternet Sitesi veya mobil cihazdaki hareketlerini raporlayan, anlamland\u0131ran, depolayan program ve\/veya \u00fcr\u00fcnlerden olan segmentasyon\/raporlama \u00fcr\u00fcnleridir.<\/p>\n<p><strong>4. \u00c7erez T\u00fcrleri ve Kullan\u0131m Ama\u00e7lar\u0131<\/strong><\/p>\n<ol>\n<li><strong>Zorunlu \u00c7erezler:<\/strong>\u00a0Bu tip \u00e7erezler \u0130nternet Sitesi\u2019nin usul\u00fcne uygun \u015fekilde \u00e7al\u0131\u015fmas\u0131 i\u00e7in gerekli olan \u00e7erezlerdir. \u0130nternet Sitesi\u2019nin bir \u015fekilde faaliyetlerine devam etmesi ve \u0130nternet Sitesi\u2019nin soruna mahal vermeksizin s\u00fcrd\u00fcr\u00fclebilmesi ad\u0131na bu tip \u00e7erezlerin kullan\u0131lmas\u0131 zorunludur. Bu tip \u00e7erezler ziyaret\u00e7iye pazarlama yap\u0131lmas\u0131, ziyaret\u00e7inin internette nerede oldu\u011funun hat\u0131rlanmas\u0131 veya ziyaret\u00e7inin takibi amac\u0131yla veri toplamaz. Bu tip \u00e7erezler vas\u0131tas\u0131yla toplanan verilerin \u0130nternet Sitesi\u2019nde kullan\u0131lmas\u0131 ve korunmas\u0131 gerekli oldu\u011fundan zorunlu \u00e7erezlerin devre d\u0131\u015f\u0131 b\u0131rak\u0131lmas\u0131 m\u00fcmk\u00fcn de\u011fildir.<\/li>\n<li><strong>Analitik \u00c7erezler:<\/strong>\u00a0Bu tip \u00e7erezler ziyaret\u00e7ilerin tan\u0131mlanmas\u0131na, analitik ama\u00e7larla say\u0131lmas\u0131na ve \u0130nternet Sitesi kullan\u0131l\u0131rken nas\u0131l hareket edildi\u011finin belirlenmesine imkan sa\u011flayan \u00e7erezlerdir. \u0130\u015fbu \u00e7erezler \u0130nternet Sitesi\u2019nin \u00e7al\u0131\u015fma usul\u00fcn\u00fcn geli\u015ftirilmesine yard\u0131mc\u0131 olduklar\u0131 gibi ziyaret\u00e7ilerin arad\u0131klar\u0131n\u0131 kolayl\u0131kla bulmalar\u0131na fayda sa\u011flarlar.<\/li>\n<li><strong>Fonksiyonel \u00c7erezler:<\/strong>\u00a0Bu tip \u00e7erezler \u0130nternet Sitesi\u2019nin yeniden ziyaret edilmesi halinde ziyaret\u00e7iyi tan\u0131mak amac\u0131yla kullan\u0131l\u0131r. \u0130\u015fbu \u00e7erezler \u0130nternet Sitesi\u2019nin ziyaret\u00e7i \u00f6zelinde ki\u015fiselle\u015ftirilmesine ve buna ba\u011fl\u0131 olarak ziyaret\u00e7i tercihlerini hat\u0131rlatmaya yard\u0131mc\u0131 olurlar.<\/li>\n<li><strong>Pazarlama \u00c7erezleri:<\/strong>\u00a0Bu tip \u00e7erezler ziyaret\u00e7iye ve ziyaret\u00e7inin ilgi alanlar\u0131na yak\u0131n olan i\u00e7erikleri ve kampanyalar\u0131 sunma hususunda fayda sa\u011flayabilecekleri gibi hedefli reklamlar sunmak veya bir reklam\u0131n g\u00f6r\u00fcnt\u00fclenme say\u0131s\u0131n\u0131 k\u0131s\u0131tlama amac\u0131yla kullan\u0131labilirler.<\/li>\n<\/ol>\n<p>\u0130nternet Sitesi i\u00e7erisinde kullan\u0131lan \u00e7erezler ve bunlar\u0131n kullan\u0131m ama\u00e7lar\u0131 hakk\u0131nda kapsaml\u0131 bilgi a\u015fa\u011f\u0131daki tabloda g\u00f6sterilmi\u015ftir;<\/p>\n<div class=\"table-responsive\">\n<table class=\"table\">\n<tbody>\n<tr>\n<td><strong>\u00c7erez T\u00fcr\u00fc<\/strong><\/td>\n<td><strong>\u00c7erez Ad\u0131<\/strong><\/td>\n<td><strong>Kaynak<\/strong><\/td>\n<td><strong>Ama\u00e7<\/strong><\/td>\n<td><strong>Saklama S\u00fcresi<\/strong><\/td>\n<\/tr>\n<tr>\n<td>Performans<\/td>\n<td>_ga<\/td>\n<td>Google Analytics<\/td>\n<td>Bu tan\u0131mlama bilgisi, Google Analytics taraf\u0131ndan ziyaret\u00e7i ziyaretinin amac\u0131n\u0131 de\u011ferlendirmek i\u00e7in kullan\u0131l\u0131r ve \u0130nternet Sitesi y\u00f6neticileri i\u00e7in web sitesi etkinli\u011fiyle ilgili raporlar olu\u015fturur ve ziyaret\u00e7i deneyimini iyile\u015ftirmeyi ama\u00e7lar.<\/td>\n<td>540 G\u00fcn<\/td>\n<\/tr>\n<tr>\n<td>Analitik<\/td>\n<td>_gcl_au<\/td>\n<td>Google Analytics<\/td>\n<td>Bu tan\u0131mlama bilgisi, Google Adhense taraf\u0131ndan web sitelerinde hizmetlerinden yararlanarak reklam verimlili\u011fini denemek i\u00e7in kullan\u0131lmaktad\u0131r.<\/td>\n<td>540 G\u00fcn<\/td>\n<\/tr>\n<tr>\n<td>Analitik<\/td>\n<td>NID<\/td>\n<td>Google Analytics<\/td>\n<td>\u0130nternet Sitesi\u2019ne yerle\u015ftirilmi\u015f Youtube videolar\u0131n\u0131 oynatmak i\u00e7in kullan\u0131l\u0131r<\/td>\n<td>6 Ay<\/td>\n<\/tr>\n<tr>\n<td>Analitik<\/td>\n<td>_gat_UA<\/td>\n<td>Google Analytics<\/td>\n<td>Google taraf\u0131ndan web Sitesinin yo\u011fun ziyaret edildi\u011fi zamanlarda kullan\u0131c\u0131n\u0131n talep oran\u0131n\u0131n k\u0131s\u0131tlanmas\u0131 i\u00e7in kullan\u0131l\u0131r.<\/td>\n<td>1 Dakika<\/td>\n<\/tr>\n<tr>\n<td>Analitik<\/td>\n<td>_gid<\/td>\n<td>Google Analytics<\/td>\n<td>Google taraf\u0131ndan ziyaret\u00e7ilerin \u0130nternet Sitesi\u2019ni nas\u0131l kulland\u0131\u011f\u0131na ili\u015fkin bilgileri depolamak i\u00e7in kullan\u0131l\u0131r.<\/td>\n<td>1 G\u00fcn<\/td>\n<\/tr>\n<tr>\n<td>Analitik<\/td>\n<td>IDE<\/td>\n<td>Google Analytics<\/td>\n<td>Google taraf\u0131ndan ger\u00e7ek zamanl\u0131 analitik teklifi verisi i\u00e7in kullan\u0131l\u0131r.<\/td>\n<td>2 Sene<\/td>\n<\/tr>\n<tr>\n<td>Pazarlama<\/td>\n<td>__gads<\/td>\n<td>Google DoubleClick<\/td>\n<td>Ziyaret\u00e7i\u2019nin reklamlarla olan etkile\u015fimlerinin \u00f6l\u00e7\u00fclmesi ve ayn\u0131 reklamlar\u0131n \u00e7ok fazla g\u00f6sterilmemesi gibi ama\u00e7larla kullan\u0131l\u0131r.<\/td>\n<td>2 Sene<\/td>\n<\/tr>\n<tr>\n<td>Analitik<\/td>\n<td>1p_jar<\/td>\n<td>google.com<\/td>\n<td>Ziyaret\u00e7inin \u0130nternet Sitesi\u2019ni nas\u0131l kulland\u0131\u011f\u0131na ve kullan\u0131c\u0131n\u0131n \u0130nternet Sitesi\u2019ni ziyaret etmeden \u00f6nce g\u00f6rm\u00fc\u015f olabilece\u011fi analitiklere ili\u015fkin bilgileri y\u00fcr\u00fct\u00fcr.<\/td>\n<td>1 Ay<\/td>\n<\/tr>\n<tr>\n<td>Analitik<\/td>\n<td>ANID<\/td>\n<td>google.com<\/td>\n<td>\u0130nternet Sitesi\u2019nde sunulan ve Google taraf\u0131ndan depolan\u0131n analitikler i\u00e7in kullan\u0131l\u0131r.<\/td>\n<td>2 Sene<\/td>\n<\/tr>\n<tr>\n<td>Analitik<\/td>\n<td>_Secure-3PAPISID<\/td>\n<td>google.com<\/td>\n<td>Yeniden hedefleme yoluyla alakal\u0131 ve ki\u015fiselle\u015ftirilmi\u015f analitikler g\u00f6stermek i\u00e7in \u0130nternet Sitesi ziyaret\u00e7ilerinin ilgi alanlar\u0131n\u0131n bir profilini olu\u015fturur.<\/td>\n<td>2 Sene<\/td>\n<\/tr>\n<tr>\n<td>Analitik<\/td>\n<td>_Secure-3PSID<\/td>\n<td>google.com<\/td>\n<td>Yeniden hedefleme yoluyla alakal\u0131 ve ki\u015fiselle\u015ftirilmi\u015f analitikler g\u00f6stermek i\u00e7in \u0130nternet Sitesi ziyaret\u00e7isi ilgi alanlar\u0131n\u0131n bir profilini olu\u015fturur.<\/td>\n<td>2 Sene<\/td>\n<\/tr>\n<tr>\n<td>Analitik<\/td>\n<td>_Secure-3PSIDCC<\/td>\n<td>google.com<\/td>\n<td>Ziyaret\u00e7i tercihlerini tutmak ve g\u00fcvenli\u011fini sa\u011flamak i\u00e7in kullan\u0131l\u0131r<\/td>\n<td>1 Y\u0131l<\/td>\n<\/tr>\n<tr>\n<td>Fonksiyonel<\/td>\n<td>pll_language<\/td>\n<td>Polylang<\/td>\n<td>Ziyaret\u00e7i taraf\u0131ndan se\u00e7ilen dili hat\u0131rlamak i\u00e7in kullan\u0131l\u0131r<\/td>\n<td>1 Y\u0131l<\/td>\n<\/tr>\n<tr>\n<td>Pazarlama<\/td>\n<td>test_cookie<\/td>\n<td>doubleclick.net<\/td>\n<td>Ziyaret\u00e7i taray\u0131c\u0131s\u0131n\u0131n \u00e7erezleri destekleyip desteklemedi\u011fini belirlemek i\u00e7in kullan\u0131l\u0131r.<\/td>\n<td>15 Dakika<\/td>\n<\/tr>\n<\/tbody>\n<\/table>\n<\/div>\n<p>Bunlarla s\u0131n\u0131rl\u0131 olmamak \u00fczere ziyaret\u00e7iler; \u0130nternet Sitesi \u00fczerinden Facebook, Youtube, Twitter, Instagram, WhatsApp ve sair sosyal a\u011flarda payla\u015f\u0131m sa\u011flayabilirler. Bahsi ge\u00e7en sosyal a\u011flar\u0131n toplad\u0131\u011f\u0131 verilerin i\u00e7eri\u011fi ve kapsam\u0131 ilgili sosyal a\u011flar taraf\u0131ndan belirlendi\u011finden m\u00fctevellit GameDev\u2019in i\u015fbu a\u011flar nezdinde herhangi bir yetkisi bulunmamaktad\u0131r. Ziyaret\u00e7ilerin bahse konu sosyal a\u011flar arac\u0131l\u0131\u011f\u0131yla toplanan verilerin i\u015flenme \u015fartlar\u0131 bak\u0131m\u0131ndan ilgili sosyal a\u011f\u0131n veri koruma politikas\u0131n\u0131 kontrol ederek gerekli d\u00fczenlemeleri yapmalar\u0131 gerekir.<\/p>\n<p><strong>5. \u00c7erezlerin Devre D\u0131\u015f\u0131 B\u0131rak\u0131lmas\u0131 ve Silinmesi<\/strong><\/p>\n<p>Ziyaret\u00e7iler; taray\u0131c\u0131lar\u0131nda bulunan ayar\u0131 etkinle\u015ftirerek \u00e7erezlerin tamam\u0131 veya bir k\u0131sm\u0131n\u0131 devre d\u0131\u015f\u0131 b\u0131rakabilirler. Ancak ziyaret\u00e7ilerin taray\u0131c\u0131 ayarlar\u0131n\u0131n kullan\u0131lmas\u0131 zaruri olanlar dahil t\u00fcm \u00e7erezleri devre d\u0131\u015f\u0131 b\u0131rakmalar\u0131 halinde ziyaret\u00e7iler \u0130nternet Sitesi\u2019nin tamam\u0131 veya bir k\u0131sm\u0131na eri\u015femeyeceklerdir. \u00d6nemle belirtmek gerekir ki bir \u00e7erezin veya \u00e7erez kategorisinin devre d\u0131\u015f\u0131 b\u0131rak\u0131lmas\u0131 \u00e7erezi ziyaret\u00e7i cihaz\u0131ndan silmez. Bu i\u015flemin ziyaret\u00e7i taray\u0131c\u0131s\u0131 marifetiyle ayr\u0131ca yap\u0131lmas\u0131 gerekir.<\/p>\n<p>\u00c7erez ayarlar\u0131nda de\u011fi\u015fiklik yapmak isteyen ziyaret\u00e7ilerin taray\u0131c\u0131lar\u0131nda bulunan \u201cse\u00e7enekler\u201d veya \u201ctercihler\u201d b\u00f6l\u00fcm\u00fcn\u00fc incelemeleri gerekmektedir. Daha fazla bilgi i\u00e7in internet explorer, firefox, chrome, android, safari, iOS ba\u015fta olmak \u00fczere muhtelif taray\u0131c\u0131lar\u0131n \u201cyard\u0131m\u201d se\u00e7ene\u011finin incelenmesi olduk\u00e7a \u00f6nemlidir.<\/p>\n<p><strong>6. Ki\u015fisel Verilerinizin Aktar\u0131lmas\u0131<\/strong><\/p>\n<p>GameDev, ki\u015fisel verilerin aktar\u0131lmas\u0131 konusunda, KVKK\u2019nda \u00f6ng\u00f6r\u00fclen d\u00fczenlemelere uygun \u015fekilde hareket etmektedir. Mevzuatta veya a\u015fa\u011f\u0131da yer alan istisnai haller sakl\u0131 kalmak kayd\u0131yla, ki\u015fisel veriler ve \u00f6zel nitelikli ki\u015fisel veriler, Veri Sahibi\u2019nin a\u00e7\u0131k r\u0131zas\u0131 olmadan, taraf\u0131m\u0131zca di\u011fer ger\u00e7ek veya t\u00fczel ki\u015filere aktar\u0131lmamaktad\u0131r. KVKK ve sair mevzuat\u0131n \u00f6ng\u00f6rd\u00fc\u011f\u00fc istisnai hallerde ise ki\u015fisel verilerin yetkili k\u0131l\u0131nan idari veya adli kurum veya \u00f6zel kurulu\u015flara aktar\u0131lmas\u0131 esnas\u0131nda mevzuatta \u00f6ng\u00f6r\u00fclen \u015fekil ve s\u0131n\u0131rlamalara uygun davran\u0131lmas\u0131na azami \u00f6zen g\u00f6sterilmektedir.<\/p>\n<p>Ki\u015fisel verileriniz;<\/p>\n<ul>\n<li>Kanuni y\u00fck\u00fcml\u00fcl\u00fc\u011f\u00fcn yerine getirilmesi amac\u0131yla yetkili resmi kurum ve kurulu\u015flar ile kanunen yetkilendirilmi\u015f \u00f6zel ki\u015filere;<\/li>\n<li>Yarg\u0131sal s\u00fcre\u00e7lerin y\u00fcr\u00fct\u00fclebilmesi veya takibinin sa\u011flanmas\u0131 amac\u0131yla avukatlar da d\u00e2hil ilgili yarg\u0131 makamlar\u0131na; ilgili mevzuatta \u00f6ng\u00f6r\u00fclen usul ve esaslar \u00e7er\u00e7evesinde ve KVKK madde 8 ve madde 9\u2019da belirtilen ki\u015fisel veri aktarma \u015fartlar\u0131 ve ama\u00e7lar\u0131na uygun olarak aktar\u0131labilecektir.<\/li>\n<\/ul>\n<p><strong>7. Ki\u015fisel Verilerin\/\u00d6zel Nitelikli Ki\u015fisel Verilerin Toplanma Y\u00f6ntemi ve Hukuki Sebebi<\/strong><\/p>\n<p>Ki\u015fisel verileriniz; \u0130nternet Sitesi\u2019ne giri\u015f yapman\u0131z halinde otomatik yollarla elde edilebilmektedir. S\u00f6z konusu ki\u015fisel verilerinizin GameDev taraf\u0131ndan i\u015flenmesindeki hukuki sebepler KVKK madde 5\/2\/a, 5\/2\/c, 5\/2\/\u00e7, 5\/2\/e ve 5\/2\/f ile madde 6\/3de belirtilen a\u00e7\u0131k r\u0131zan\u0131n istisnas\u0131 olan hallerdir. Ki\u015fisel verileriniz belirtilen hukuki sebeplerle y\u00fcr\u00fcrl\u00fckte olan her t\u00fcrl\u00fc mevzuata uygun \u015fekilde GameDev taraf\u0131ndan toplanmaktad\u0131r.<\/p>\n<p><strong>8. Veri Sahibinin Haklar\u0131<\/strong><\/p>\n<p>Veri sahibi, veri sorumlusu olarak hareket eden GameDev\u2019e ba\u015fvurarak kendisiyle ilgili;<strong>\u00a0<\/strong>ki\u015fisel verisinin i\u015flenip i\u015flenmedi\u011fini \u00f6\u011frenme, ki\u015fisel verisinin i\u015flenmi\u015fse buna ili\u015fkin bilgi talep etme;<strong>\u00a0<\/strong>ki\u015fisel verilerinin i\u015flenme amac\u0131n\u0131 ve bunlar\u0131n amac\u0131na uygun kullan\u0131l\u0131p kullan\u0131lmad\u0131\u011f\u0131n\u0131 \u00f6\u011frenme; yurt i\u00e7inde veya yurt d\u0131\u015f\u0131nda ki\u015fisel verilerinin aktar\u0131ld\u0131\u011f\u0131 \u00fc\u00e7\u00fcnc\u00fc ki\u015filer hakk\u0131nda bilgilendirilme; ki\u015fisel verilerinin eksik veya yanl\u0131\u015f i\u015flenmi\u015f olmas\u0131 h\u00e2linde bunlar\u0131n d\u00fczeltilmesini talep etme; KVKK madde 7\u2019de belirtilen \u015fartlar \u00e7er\u00e7evesinde ki\u015fisel verilerinin silinmesini veya yok edilmesini talep etme;<strong>\u00a0<\/strong>KVKK madde 11\/d ve madde 11\/e uyar\u0131nca yap\u0131lan i\u015flemlerin, ki\u015fisel verilerinin aktar\u0131ld\u0131\u011f\u0131 \u00fc\u00e7\u00fcnc\u00fc ki\u015filere bildirilmesini isteme; i\u015flenen verilerin m\u00fcnhas\u0131ran otomatik sistemler vas\u0131tas\u0131yla analiz edilmesi suretiyle ki\u015finin kendisi aleyhine bir sonucun ortaya \u00e7\u0131kmas\u0131na itiraz etme; ki\u015fisel verilerin kanuna ayk\u0131r\u0131 olarak i\u015flenmesi sebebiyle zarara u\u011framas\u0131 h\u00e2linde zarar\u0131n giderilmesini talep etme haklar\u0131na sahiptir.<\/p>\n<p>Veri Sorumlusuna Ba\u015fvuru Usul ve Esaslar\u0131 Hakk\u0131nda Tebli\u011f uyar\u0131nca taraf\u0131n\u0131zca yap\u0131lacak ba\u015fvurularda ad, soyad, ba\u015fvuru yaz\u0131l\u0131 ise imza, elektronik ise e-imza veya mobil imza, TCKN, tebligata esas yerle\u015fim yeri veya i\u015fyeri adresi, varsa bildirime esas elektronik posta adresi, telefon numaras\u0131 ve talep konusuna dair bilgilerin bulunmas\u0131 zorunludur. \u0130lgili ki\u015fi, yukar\u0131da belirtilen haklar\u0131n kullan\u0131lmas\u0131 ad\u0131na ilgili hakka ili\u015fkin a\u00e7\u0131klamay\u0131 i\u00e7eren ba\u015fvuruda talep edilen hususu a\u00e7\u0131k ve anla\u015f\u0131l\u0131r \u015fekilde belirtmekle, ilgili bilgi ve belgeleri ba\u015fvuruya eklemekle y\u00fck\u00fcml\u00fcd\u00fcr.<\/p>\n<p>Bahsi ge\u00e7en ba\u015fvurular;<\/p>\n<ul>\n<li>GameDev\u2019in \u201c\u00c7ifte Havuzlar Mah. Eski Londra Asfalt\u0131 Cad. Kulu\u00e7ka Mrk. A1 Blok No: 151\/1c \u0130\u00e7 Kap\u0131 No: B34 Esenler\/\u0130stanbul\u201d adresine bizzat, elden, yaz\u0131l\u0131 olarak,<\/li>\n<li>Noterlikler marifetiyle GameDev\u2019in \u201c\u00c7ifte Havuzlar Mah. Eski Londra Asfalt\u0131 Cad. Kulu\u00e7ka Mrk. A1 Blok No: 151\/1c \u0130\u00e7 Kap\u0131 No: B34 Esenler\/\u0130stanbul\u201d adresine talep g\u00f6ndermek suretiyle,<\/li>\n<li>GameDev\u2019de daha \u00f6nce bildirilen ve GameDev\u2019in sisteminde kay\u0131tl\u0131 bulunan e-posta marifetiyle\u00a0<a href=\"mailto:info@gamedev.ist\">info@gamedev.ist<\/a>\u00a0e-posta adresine yap\u0131labilir.<\/li>\n<\/ul>\n\t\t\t\t\t\t\t\t<\/div>\n\t\t\t\t\t<\/div>\n\t\t\t\t<\/div>\n\t\t<div class=\"elementor-element elementor-element-52e6e22 e-flex e-con-boxed e-con e-parent\" data-id=\"52e6e22\" data-element_type=\"container\">\n\t\t\t\t\t<div class=\"e-con-inner\">\n\t\t\t\t\t<\/div>\n\t\t\t\t<\/div>\n\t\t\t\t<\/div>\n\t\t","protected":false},"excerpt":{"rendered":"<p>G\u0130R\u0130\u015e \u0130\u015fbu GameDev \u00c7erez Politikas\u0131\u00a0(\u201c\u00c7erez Politikas\u0131\u201d); \u00c7ifte Havuzlar Mah. Eski Londra Asfalt\u0131 Cad. Kulu\u00e7ka Mrk. A1 Blok No: 151\/1c \u0130\u00e7 Kap\u0131 No: B34 Esenler \/\u0130stanbul adresinde kain, 3881802910 VKN ile faaliyet g\u00f6steren Gamedev Oyun Yaz\u0131l\u0131m Ve Dan\u0131\u015fmanl\u0131k Anonim \u015eirketi\u2019ne\u00a0(\u201cGameDev\u201d)\u00a0ait gamedev.ist&#8230;<\/p>\n","protected":false},"author":1,"featured_media":0,"parent":0,"menu_order":0,"comment_status":"closed","ping_status":"closed","template":"","meta":{"footnotes":""},"class_list":["post-2","page","type-page","status-publish","hentry"],"_links":{"self":[{"href":"https:\/\/gamedev.ist\/deep-jam\/wp-json\/wp\/v2\/pages\/2","targetHints":{"allow":["GET"]}}],"collection":[{"href":"https:\/\/gamedev.ist\/deep-jam\/wp-json\/wp\/v2\/pages"}],"about":[{"href":"https:\/\/gamedev.ist\/deep-jam\/wp-json\/wp\/v2\/types\/page"}],"author":[{"embeddable":true,"href":"https:\/\/gamedev.ist\/deep-jam\/wp-json\/wp\/v2\/users\/1"}],"replies":[{"embeddable":true,"href":"https:\/\/gamedev.ist\/deep-jam\/wp-json\/wp\/v2\/comments?post=2"}],"version-history":[{"count":18,"href":"https:\/\/gamedev.ist\/deep-jam\/wp-json\/wp\/v2\/pages\/2\/revisions"}],"predecessor-version":[{"id":14537,"href":"https:\/\/gamedev.ist\/deep-jam\/wp-json\/wp\/v2\/pages\/2\/revisions\/14537"}],"wp:attachment":[{"href":"https:\/\/gamedev.ist\/deep-jam\/wp-json\/wp\/v2\/media?parent=2"}],"curies":[{"name":"wp","href":"https:\/\/api.w.org\/{rel}","templated":true}]}}